{"id":107,"date":"2022-11-24T21:39:20","date_gmt":"2022-11-24T20:39:20","guid":{"rendered":"https:\/\/grboslovlje.eu\/?page_id=107"},"modified":"2024-05-20T17:01:55","modified_gmt":"2024-05-20T15:01:55","slug":"o-nama","status":"publish","type":"page","link":"https:\/\/grboslovlje.eu\/index.php\/o-nama\/","title":{"rendered":"O nama"},"content":{"rendered":"\r\n<p>Grboslovlje u Hrvata su stranice o grbovima Krunovine Hrvatske, Slavonije, Dalmacije i Bosne.<\/p>\r\n\r\n\r\n<div class=\"wp-block-image\">\r\n<figure class=\"aligncenter size-large\"><img loading=\"lazy\" decoding=\"async\" width=\"1024\" height=\"471\" class=\"wp-image-16\" src=\"https:\/\/grboslovlje.eu\/wp-content\/uploads\/2022\/11\/274109301_352876753510706_1597527392053836174_n-1024x471.jpg\" alt=\"\" \/><\/figure>\r\n<\/div>\r\n\r\n\r\n<p>Ove web stranice posve\u0107ene su prikazu i evidenciji kako grbova plemstva i regija, tako i grbova gra\u0111ana te udruga gra\u0111ana koje o\u017eivljavaju povijest. Svi prikazani grbovi su obojani u heraldi\u010dkim metalima i bojama.<\/p>\r\n\r\n\r\n\r\n<p>Za sve svoje upite javite nam se.<\/p>\r\n\r\n\r\n<div class=\"wpforms-container wpforms-container-full\" id=\"wpforms-102\"><form id=\"wpforms-form-102\" class=\"wpforms-validate wpforms-form wpforms-ajax-form\" data-formid=\"102\" method=\"post\" enctype=\"multipart\/form-data\" action=\"\/index.php\/wp-json\/wp\/v2\/pages\/107\" data-token=\"ba7b300cf415555107bb244ac0a24a1f\" data-token-time=\"1776831893\"><noscript class=\"wpforms-error-noscript\">Please enable JavaScript in your browser to complete this form.<\/noscript><div class=\"wpforms-field-container\"><div id=\"wpforms-102-field_0-container\" class=\"wpforms-field wpforms-field-name\" data-field-id=\"0\"><label class=\"wpforms-field-label\">Ime <span class=\"wpforms-required-label\">*<\/span><\/label><div class=\"wpforms-field-row wpforms-field-medium\"><div class=\"wpforms-field-row-block wpforms-first wpforms-one-half\"><input type=\"text\" id=\"wpforms-102-field_0\" class=\"wpforms-field-name-first wpforms-field-required\" name=\"wpforms[fields][0][first]\" required><label for=\"wpforms-102-field_0\" class=\"wpforms-field-sublabel after\">First<\/label><\/div><div class=\"wpforms-field-row-block wpforms-one-half\"><input type=\"text\" id=\"wpforms-102-field_0-last\" class=\"wpforms-field-name-last wpforms-field-required\" name=\"wpforms[fields][0][last]\" required><label for=\"wpforms-102-field_0-last\" class=\"wpforms-field-sublabel after\">Last<\/label><\/div><\/div><\/div><div id=\"wpforms-102-field_1-container\" class=\"wpforms-field wpforms-field-email\" data-field-id=\"1\"><label class=\"wpforms-field-label\" for=\"wpforms-102-field_1\">Email <span class=\"wpforms-required-label\">*<\/span><\/label><input type=\"email\" id=\"wpforms-102-field_1\" class=\"wpforms-field-medium wpforms-field-required\" name=\"wpforms[fields][1]\" spellcheck=\"false\" required><\/div><div id=\"wpforms-102-field_2-container\" class=\"wpforms-field wpforms-field-textarea\" data-field-id=\"2\"><label class=\"wpforms-field-label\" for=\"wpforms-102-field_2\">Poruka<\/label><textarea id=\"wpforms-102-field_2\" class=\"wpforms-field-medium\" name=\"wpforms[fields][2]\" ><\/textarea><\/div><\/div><!-- .wpforms-field-container --><div class=\"wpforms-submit-container\" ><input type=\"hidden\" name=\"wpforms[id]\" value=\"102\"><input type=\"hidden\" name=\"page_title\" value=\"\"><input type=\"hidden\" name=\"page_url\" value=\"https:\/\/grboslovlje.eu\/index.php\/wp-json\/wp\/v2\/pages\/107\"><input type=\"hidden\" name=\"url_referer\" value=\"\"><button type=\"submit\" name=\"wpforms[submit]\" id=\"wpforms-submit-102\" class=\"wpforms-submit\" data-alt-text=\"Sending...\" data-submit-text=\"Submit\" aria-live=\"assertive\" value=\"wpforms-submit\">Submit<\/button><img loading=\"lazy\" decoding=\"async\" src=\"https:\/\/grboslovlje.eu\/wp-content\/plugins\/wpforms-lite\/assets\/images\/submit-spin.svg\" class=\"wpforms-submit-spinner\" style=\"display: none;\" width=\"26\" height=\"26\" alt=\"Loading\"><\/div><\/form><\/div>  <!-- .wpforms-container -->\n","protected":false},"excerpt":{"rendered":"<p>Grboslovlje u Hrvata su stranice o grbovima Krunovine Hrvatske, Slavonije, Dalmacije i Bosne. Ove web stranice posve\u0107ene su prikazu i evidenciji kako grbova plemstva i regija, tako i grbova gra\u0111ana te udruga gra\u0111ana koje o\u017eivljavaju povijest. Svi prikazani grbovi su obojani u heraldi\u010dkim metalima i bojama. Za sve svoje upite javite nam se.<\/p>\n","protected":false},"author":1,"featured_media":0,"parent":0,"menu_order":0,"comment_status":"closed","ping_status":"closed","template":"","meta":{"inline_featured_image":false,"footnotes":""},"class_list":["post-107","page","type-page","status-publish","hentry"],"rttpg_featured_image_url":null,"rttpg_author":{"display_name":"Hrvoje Knezovi\u0107","author_link":"https:\/\/grboslovlje.eu\/index.php\/author\/qehadlbah\/"},"rttpg_comment":0,"rttpg_category":null,"rttpg_excerpt":"Grboslovlje u Hrvata su stranice o grbovima Krunovine Hrvatske, Slavonije, Dalmacije i Bosne. Ove web stranice posve\u0107ene su prikazu i evidenciji kako grbova plemstva i regija, tako i grbova gra\u0111ana te udruga gra\u0111ana koje o\u017eivljavaju povijest. Svi prikazani grbovi su obojani u heraldi\u010dkim metalima i bojama. Za sve svoje upite javite nam se.","_links":{"self":[{"href":"https:\/\/grboslovlje.eu\/index.php\/wp-json\/wp\/v2\/pages\/107","targetHints":{"allow":["GET"]}}],"collection":[{"href":"https:\/\/grboslovlje.eu\/index.php\/wp-json\/wp\/v2\/pages"}],"about":[{"href":"https:\/\/grboslovlje.eu\/index.php\/wp-json\/wp\/v2\/types\/page"}],"author":[{"embeddable":true,"href":"https:\/\/grboslovlje.eu\/index.php\/wp-json\/wp\/v2\/users\/1"}],"replies":[{"embeddable":true,"href":"https:\/\/grboslovlje.eu\/index.php\/wp-json\/wp\/v2\/comments?post=107"}],"version-history":[{"count":7,"href":"https:\/\/grboslovlje.eu\/index.php\/wp-json\/wp\/v2\/pages\/107\/revisions"}],"predecessor-version":[{"id":3113,"href":"https:\/\/grboslovlje.eu\/index.php\/wp-json\/wp\/v2\/pages\/107\/revisions\/3113"}],"wp:attachment":[{"href":"https:\/\/grboslovlje.eu\/index.php\/wp-json\/wp\/v2\/media?parent=107"}],"curies":[{"name":"wp","href":"https:\/\/api.w.org\/{rel}","templated":true}]}}