{"id":2942,"date":"2024-04-14T18:42:55","date_gmt":"2024-04-14T16:42:55","guid":{"rendered":"https:\/\/grboslovlje.eu\/?page_id=2942"},"modified":"2024-05-22T09:40:22","modified_gmt":"2024-05-22T07:40:22","slug":"objave","status":"publish","type":"page","link":"https:\/\/grboslovlje.eu\/index.php\/objave\/","title":{"rendered":"Objave"},"content":{"rendered":"<style type='text\/css' media='all'>#rt-tpg-container-304895653 .pagination-list li a,\n\t\t\t\t\trt-tpg-container-304895653 .pagination-list li span,\n\t\t\t\t\trt-tpg-container-304895653 .pagination li a,\n\t\t\t\t\t#rt-tpg-container-304895653 .rt-tpg-isotope-buttons button,\n\t\t\t\t\t#rt-tpg-container-304895653 .rt-tpg-utility .rt-tpg-load-more button,\n\t\t\t\t\t#rt-tpg-container-304895653.rt-tpg-container .swiper-navigation .slider-btn,\n\t\t\t\t\t#rt-tpg-container-304895653.rt-tpg-container .swiper-pagination-bullet,\n\t\t\t\t\t#rt-tpg-container-304895653 .wc1 .rt-holder .rt-img-holder .overlay .product-more ul li a,\n\t\t\t\t\t#rt-tpg-container-304895653 .wc2 .rt-detail .rt-wc-add-to-cart,\n\t\t\t\t\t#rt-tpg-container-304895653 .wc3 .rt-detail .rt-wc-add-to-cart,\n\t\t\t\t\t#rt-tpg-container-304895653 .wc4 .rt-detail .rt-wc-add-to-cart,\n\t\t\t\t\t#rt-tpg-container-304895653 .wc-carousel2 .rt-detail .rt-wc-add-to-cart,\n\t\t\t\t\t#rt-tpg-container-304895653 .wc-isotope2 .rt-detail .rt-wc-add-to-cart,\n\t\t\t\t\t#rt-tpg-container-304895653 .rt-layout-filter-container .rt-filter-wrap .rt-filter-item-wrap.rt-filter-dropdown-wrap .rt-filter-dropdown,\n\t\t\t\t\t#rt-tpg-container-304895653 .rt-layout-filter-container .rt-filter-sub-tax.sub-button-group .rt-filter-button-item,\n\t\t\t\t\t#rt-tpg-container-304895653.rt-tpg-container .rt-pagination-wrap .rt-page-numbers .paginationjs .paginationjs-pages ul li>a,\n\t\t\t\t\t#rt-tpg-container-304895653 .rt-filter-item-wrap.rt-filter-button-wrap span.rt-filter-button-item,\n\t\t\t\t\t#rt-tpg-container-304895653.rt-tpg-container .rt-pagination-wrap  .rt-loadmore-btn,\n\t\t\t\t\t#rt-tpg-container-304895653.rt-tpg-container .rt-pagination-wrap .rt-cb-page-prev-next > *,\n\t\t\t\t\t#rt-tpg-container-304895653 .rt-read-more,\n\t\t\t\t\t#rt-tooltip-304895653, #rt-tooltip-304895653 .rt-tooltip-bottom:after{background-color:#ff0000;}#rt-tpg-container-304895653 .rt-filter-item-wrap.rt-filter-button-wrap span.rt-filter-button-item,\n\t\t\t\t\t#rt-tpg-container-304895653 .rt-layout-filter-container .rt-filter-sub-tax.sub-button-group .rt-filter-button-item{border-color:#ff0000;}#rt-tpg-container-304895653.rt-tpg-container .layout17 .rt-holder .overlay a.tpg-zoom .fa{color:#ff0000;}#rt-tpg-container-304895653 .rt-holder .read-more a {background-color:#ff0000;padding: 8px 15px;}#rt-tpg-container-304895653 .pagination-list li a,\n\t\t\t\t\t#rt-tpg-container-304895653 .pagination li a,\n\t\t\t\t\t#rt-tpg-container-304895653 .rt-tpg-isotope-buttons button,\n\t\t\t\t\t#rt-tpg-container-304895653 .rt-holder .read-more a,\n\t\t\t\t\t#rt-tpg-container-304895653 .rt-tpg-utility .rt-tpg-load-more button,\n\t\t\t\t\t#rt-tpg-container-304895653.rt-tpg-container .swiper-navigation .slider-btn,\n\t\t\t\t\t#rt-tpg-container-304895653 .wc1 .rt-holder .rt-img-holder .overlay .product-more ul li a,\n\t\t\t\t\t#rt-tpg-container-304895653 .edd1 .rt-holder .rt-img-holder .overlay .product-more ul li a,\n\t\t\t\t\t#rt-tpg-container-304895653 .wc2 .rt-detail .rt-wc-add-to-cart,\n\t\t\t\t\t#rt-tpg-container-304895653 .wc3 .rt-detail .rt-wc-add-to-cart,\n\t\t\t\t\t#rt-tpg-container-304895653 .edd2 .rt-detail .rt-wc-add-to-cart,\n\t\t\t\t\t#rt-tpg-container-304895653 .wc4 .rt-detail .rt-wc-add-to-cart,\n\t\t\t\t\t#rt-tpg-container-304895653 .edd3 .rt-detail .rt-wc-add-to-cart,\n\t\t\t\t\t#rt-tpg-container-304895653 .wc-carousel2 .rt-detail .rt-wc-add-to-cart,\n\t\t\t\t\t#rt-tpg-container-304895653 .wc-isotope2 .rt-detail .rt-wc-add-to-cart,\n\t\t\t\t\t#rt-tpg-container-304895653 .rt-tpg-utility .rt-tpg-load-more button,\n\t\t\t\t\t#rt-tooltip-304895653,\n\t\t\t\t\t#rt-tpg-container-304895653 .rt-filter-item-wrap.rt-filter-button-wrap span.rt-filter-button-item,\n\t\t\t\t\t#rt-tpg-container-304895653 .rt-layout-filter-container .rt-filter-sub-tax.sub-button-group .rt-filter-button-item,\n\t\t\t\t\t#rt-tpg-container-304895653 .rt-layout-filter-container .rt-filter-wrap .rt-filter-item-wrap.rt-sort-order-action,\n\t\t\t\t\t#rt-tpg-container-304895653 .rt-layout-filter-container .rt-filter-wrap .rt-filter-item-wrap.rt-filter-dropdown-wrap .rt-filter-dropdown .rt-filter-dropdown-item,\n\t\t\t\t\t#rt-tpg-container-304895653.rt-tpg-container .rt-pagination-wrap .rt-page-numbers .paginationjs .paginationjs-pages ul li>a,\n\t\t\t\t\t#rt-tpg-container-304895653.rt-tpg-container .rt-pagination-wrap .rt-cb-page-prev-next > *,\n\t\t\t\t\t#rt-tpg-container-304895653.rt-tpg-container .rt-pagination-wrap  .rt-loadmore-btn,\n\t\t\t\t\t#rt-tpg-container-304895653 .rt-read-more,\n\t\t\t\t\t#rt-tooltip-304895653 .rt-tooltip-bottom:after{color:#ffffff;}#rt-tpg-container-304895653 .read-more a{border-radius:px;}#rt-tpg-container-304895653 .tpg-widget-heading-wrapper.heading-style1 .tpg-widget-heading, #rt-tpg-container-304895653 .tpg-widget-heading-wrapper.heading-style1 .tpg-widget-heading a, #rt-tpg-container-304895653 .tpg-widget-heading-wrapper.heading-style2 .tpg-widget-heading, #rt-tpg-container-304895653 .tpg-widget-heading-wrapper.heading-style2 .tpg-widget-heading a, #rt-tpg-container-304895653 .tpg-widget-heading-wrapper.heading-style3 .tpg-widget-heading, #rt-tpg-container-304895653 .tpg-widget-heading-wrapper.heading-style3 .tpg-widget-heading a  {color:#ffffff;}#rt-tpg-container-304895653 .tpg-widget-heading-wrapper.heading-style1 .tpg-widget-heading::before  {background-color:#ffffff;}#rt-tpg-container-304895653 .tpg-widget-heading-wrapper.heading-style1 .tpg-widget-heading-line, #rt-tpg-container-304895653 .tpg-widget-heading-wrapper.heading-style2, #rt-tpg-container-304895653 .tpg-widget-heading-wrapper.heading-style3  {border-color:#ff0000;}#rt-tpg-container-304895653 .rt-img-holder img.rt-img-responsive,#rt-tpg-container-304895653 .rt-img-holder,\n\t\t\t\t\t#rt-tpg-container-304895653 .rt-post-overlay .post-img,\n\t\t\t\t\t#rt-tpg-container-304895653 .post-sm .post-img,\n\t\t\t\t\t#rt-tpg-container-304895653 .rt-post-grid .post-img,\n\t\t\t\t\t#rt-tpg-container-304895653 .post-img img {border-radius:px;}#rt-tpg-container-304895653 .isotope1 .rt-holder h2.entry-title,\n\t\t\t\t\t#rt-tpg-container-304895653 .isotope1 .rt-holder h3.entry-title,\n\t\t\t\t\t#rt-tpg-container-304895653 .isotope1 .rt-holder h4.entry-title,\n\t\t\t\t\t#rt-tpg-container-304895653 .isotope1 .rt-holder h2.entry-title a,\n\t\t\t\t\t#rt-tpg-container-304895653 .isotope1 .rt-holder h3.entry-title a,\n\t\t\t\t\t#rt-tpg-container-304895653 .isotope1 .rt-holder h4.entry-title a,\n\t\t\t\t\t#rt-tpg-container-304895653 .rt-holder .rt-woo-info h2 a,\n\t\t\t\t\t#rt-tpg-container-304895653 .rt-holder .rt-woo-info h3 a,\n\t\t\t\t\t#rt-tpg-container-304895653 .rt-holder .rt-woo-info h4 a,\n\t\t\t\t\t#rt-tpg-container-304895653 .post-content .post-title,\n\t\t\t\t\t#rt-tpg-container-304895653 .rt-post-grid .post-title,\n\t\t\t\t\t#rt-tpg-container-304895653 .rt-post-grid .post-title a,\n\t\t\t\t\t#rt-tpg-container-304895653 .post-content .post-title a,\n\t\t\t\t\t#rt-tpg-container-304895653 .rt-holder .rt-woo-info h2,\n\t\t\t\t\t#rt-tpg-container-304895653 .rt-holder .rt-woo-info h3,\n\t\t\t\t\t#rt-tpg-container-304895653 .rt-holder .rt-woo-info h4{color:#ff0000;}#rt-tpg-container-304895653 .isotope1 .rt-holder h2.entry-title:hover,\n\t\t\t\t\t#rt-tpg-container-304895653 .isotope1 .rt-holder h3.entry-title:hover,\n\t\t\t\t\t#rt-tpg-container-304895653 .isotope1 .rt-holder h4.entry-title:hover,\n\t\t\t\t\t#rt-tpg-container-304895653 .isotope1 .rt-holder h2.entry-title a:hover,\n\t\t\t\t\t#rt-tpg-container-304895653 .isotope1 .rt-holder h3.entry-title a:hover,\n\t\t\t\t\t#rt-tpg-container-304895653 .isotope1 .rt-holder h4.entry-title a:hover,\n\t\t\t\t\t#rt-tpg-container-304895653 .post-content .post-title a:hover,\n\t\t\t\t\t#rt-tpg-container-304895653 .rt-post-grid .post-title a:hover,\n\t\t\t\t\t#rt-tpg-container-304895653 .rt-holder .rt-woo-info h2 a:hover,\n\t\t\t\t\t#rt-tpg-container-304895653 .rt-holder .rt-woo-info h3 a:hover,\n\t\t\t\t\t#rt-tpg-container-304895653 .rt-holder .rt-woo-info h4 a:hover,\n\t\t\t\t\t#rt-tpg-container-304895653 .rt-holder .rt-woo-info h2:hover,\n\t\t\t\t\t#rt-tpg-container-304895653 .rt-holder .rt-woo-info h3:hover,\n\t\t\t\t\t#rt-tpg-container-304895653 .rt-holder .rt-woo-info h4:hover{color:#962121 !important;}#rt-tpg-container-304895653 .isotope1 .rt-holder .tpg-excerpt,#rt-tpg-container-304895653 .isotope1 .tpg-excerpt,#rt-tpg-container-304895653 .isotope1 .rt-holder .post-content,#rt-tpg-container-304895653 .rt-holder .rt-woo-info p,#rt-tpg-container-304895653 .post-content p {color:#000000;}#rt-tpg-container-304895653 .isotope1 .rt-holder .post-meta-user,\n\t\t\t\t\t#rt-tpg-container-304895653 .isotope1 .rt-meta,\n\t\t\t\t\t#rt-tpg-container-304895653 .isotope1 .rt-meta a,\n\t\t\t\t\t#rt-tpg-container-304895653 .isotope1 .rt-holder .post-meta-user .meta-data,\n\t\t\t\t\t#rt-tpg-container-304895653 .isotope1 .rt-holder .post-meta-user a,\n\t\t\t\t\t#rt-tpg-container-304895653 .isotope1 .rt-holder .rt-detail .post-meta .rt-tpg-social-share,\n\t\t\t\t\t#rt-tpg-container-304895653 .rt-post-overlay .post-meta-user span,\n\t\t\t\t\t#rt-tpg-container-304895653 .rt-post-overlay .post-meta-user,\n\t\t\t\t\t#rt-tpg-container-304895653 .rt-post-overlay .post-meta-user a,\n\t\t\t\t\t#rt-tpg-container-304895653 .rt-post-grid .post-meta-user,\n\t\t\t\t\t#rt-tpg-container-304895653 .rt-post-grid .post-meta-user a,\n\t\t\t\t\t#rt-tpg-container-304895653 .rt-post-box-media-style .post-meta-user,\n\t\t\t\t\t#rt-tpg-container-304895653 .rt-post-box-media-style .post-meta-user a,\n\t\t\t\t\t#rt-tpg-container-304895653 .isotope1 .post-meta-user i,\n\t\t\t\t\t#rt-tpg-container-304895653 .rt-detail .post-meta-category a,\n\t\t\t\t\t#rt-tpg-container-304895653 .isotope1 .post-meta-user a\n\t\t\t\t\t#rt-tpg-container-304895653 .isotope1 .post-meta-user a {color:#000000;}<\/style><div class='rt-container-fluid rt-tpg-container tpg-shortcode-main-wrapper ' id='rt-tpg-container-304895653'   data-layout='isotope1' data-grid-style='even' data-desktop-col='3'  data-tab-col='2'  data-mobile-col='1' data-sc-id='3141'><div data-title='Loading ...' class='rt-row rt-content-loader   isotope1 tpg-pre-loader'><div class=\"tpg-iso-filter\"><div id='iso-button-304895653' class='rt-tpg-isotope-buttons button-group filter-button-group option-set' data-url='' data-count=''><button class='rt-iso-btn-all selected' data-filter='*'>Sve<\/button><button class=\"rt-iso-btn-nekategorizirano\" data-filter=\".iso_1\">Grboslovlje<\/button><button class=\"rt-iso-btn-grboslovlje-u-praksi\" data-filter=\".iso_78\">Grboslovlje u praksi<\/button><\/div><\/div><div class='rt-tpg-isotope' id='iso-tpg-304895653'><div class=\"rt-col-md-4 rt-col-sm-6 rt-col-xs-12 masonry-grid-item rt-grid-item img_zoom_in isotope-item iso_1 rt-item-nekategorizirano\" data-id=\"3095\"><div class=\"rt-holder\"><div class=\"rt-img-holder\"><a data-id=\"3095\" class=\"\" href=\"https:\/\/grboslovlje.eu\/index.php\/2024\/05\/20\/pravila-grboslovlja-iliti-heraldike\/\"><img loading=\"lazy\" decoding=\"async\" width=\"253\" height=\"300\" src=\"https:\/\/grboslovlje.eu\/wp-content\/uploads\/2024\/05\/Knesovich-pagan1-253x300.png\" class=\"rt-img-responsive \" alt=\"\" \/><\/a><\/div><div class='rt-detail'><div class='post-meta-user  '><span class='author'><i class='fa fa-user '><\/i><a href=\"https:\/\/grboslovlje.eu\/index.php\/author\/qehadlbah\/\">Hrvoje Knezovi\u0107<\/a><\/span><span class='date'><i class='far fa-calendar-alt '><\/i>20. svibnja 2024.<\/span><\/div><div class='tpg-excerpt'>U grboslovlju postoje stroga pravila, koja se moraju po\u0161tovati ako se ne\u0161to \u017eeli nazvati grbom. Grboslovnih pravila ima mnogo, ali se mogu izdvojiti...<\/div><div class='post-meta center'><span class='read-more'><a data-id='3095' class='' href='https:\/\/grboslovlje.eu\/index.php\/2024\/05\/20\/pravila-grboslovlja-iliti-heraldike\/'>Pro\u010ditaj vi\u0161e<\/a><\/span><\/div><\/div><\/div><\/div><div class=\"rt-col-md-4 rt-col-sm-6 rt-col-xs-12 masonry-grid-item rt-grid-item img_zoom_in isotope-item iso_78 rt-item-grboslovlje-u-praksi\" data-id=\"2769\"><div class=\"rt-holder\"><div class=\"rt-img-holder\"><a data-id=\"2769\" class=\"\" href=\"https:\/\/grboslovlje.eu\/index.php\/2024\/01\/25\/izrada-hrvatskog-renesansnog-stita\/\"><img loading=\"lazy\" decoding=\"async\" width=\"213\" height=\"300\" src=\"https:\/\/grboslovlje.eu\/wp-content\/uploads\/2024\/01\/HR_oblik-213x300.png\" class=\"rt-img-responsive \" alt=\"\" \/><\/a><\/div><div class='rt-detail'><div class='post-meta-user  '><span class='author'><i class='fa fa-user '><\/i><a href=\"https:\/\/grboslovlje.eu\/index.php\/author\/qehadlbah\/\">Hrvoje Knezovi\u0107<\/a><\/span><span class='date'><i class='far fa-calendar-alt '><\/i>25. sije\u010dnja 2024.<\/span><\/div><div class='tpg-excerpt'>Prilikom pregleda raznih plemi\u0107kih grbovnika uo\u010dio sam da samo u grbovnicima sa hrvatskim plemstvom se pojavljuje jedan heraldi\u010dki oblik \u0161tita kojeg...<\/div><div class='post-meta center'><span class='read-more'><a data-id='2769' class='' href='https:\/\/grboslovlje.eu\/index.php\/2024\/01\/25\/izrada-hrvatskog-renesansnog-stita\/'>Pro\u010ditaj vi\u0161e<\/a><\/span><\/div><\/div><\/div><\/div><div class=\"rt-col-md-4 rt-col-sm-6 rt-col-xs-12 masonry-grid-item rt-grid-item img_zoom_in isotope-item iso_78 rt-item-grboslovlje-u-praksi\" data-id=\"2276\"><div class=\"rt-holder\"><div class=\"rt-img-holder\"><a data-id=\"2276\" class=\"\" href=\"https:\/\/grboslovlje.eu\/index.php\/2023\/05\/10\/izrada-stitova\/\"><img loading=\"lazy\" decoding=\"async\" width=\"183\" height=\"300\" src=\"https:\/\/grboslovlje.eu\/wp-content\/uploads\/2024\/01\/Kvadrat-183x300.png\" class=\"rt-img-responsive \" alt=\"\" \/><\/a><\/div><div class='rt-detail'><div class='post-meta-user  '><span class='author'><i class='fa fa-user '><\/i><a href=\"https:\/\/grboslovlje.eu\/index.php\/author\/qehadlbah\/\">Hrvoje Knezovi\u0107<\/a><\/span><span class='date'><i class='far fa-calendar-alt '><\/i>10. svibnja 2023.<\/span><\/div><div class='tpg-excerpt'>Radionica izrade \u0161titova zapo\u010dela je sa osnovnim dogovorom kakav \u0161tit \u017eelimo za izraditi i od \u010dega. Te smo dogovorili slijede\u0107e. Izaradit \u0107e se...<\/div><div class='post-meta center'><span class='read-more'><a data-id='2276' class='' href='https:\/\/grboslovlje.eu\/index.php\/2023\/05\/10\/izrada-stitova\/'>Pro\u010ditaj vi\u0161e<\/a><\/span><\/div><\/div><\/div><\/div><div class=\"rt-col-md-4 rt-col-sm-6 rt-col-xs-12 masonry-grid-item rt-grid-item img_zoom_in isotope-item iso_1 rt-item-nekategorizirano\" data-id=\"1\"><div class=\"rt-holder\"><div class=\"rt-img-holder\"><a data-id=\"1\" class=\"\" href=\"https:\/\/grboslovlje.eu\/index.php\/2022\/11\/23\/dan-svijete\/\"><img loading=\"lazy\" decoding=\"async\" width=\"300\" height=\"138\" src=\"https:\/\/grboslovlje.eu\/wp-content\/uploads\/2022\/11\/274109301_352876753510706_1597527392053836174_n-300x138.jpg\" class=\"rt-img-responsive \" alt=\"\" \/><\/a><\/div><div class='rt-detail'><div class='post-meta-user  '><span class='author'><i class='fa fa-user '><\/i><a href=\"https:\/\/grboslovlje.eu\/index.php\/author\/qehadlbah\/\">Hrvoje Knezovi\u0107<\/a><\/span><span class='date'><i class='far fa-calendar-alt '><\/i>23. studenoga 2022.<\/span><\/div><div class='tpg-excerpt'>Grbovi Hrvatske, Dalmatinske, Bosanske i Slavonske Krune Ove web stranice posve\u0107ene su prikazu i evidenciji kako grbova plemstva i regija, tako i...<\/div><div class='post-meta center'><span class='read-more'><a data-id='1' class='' href='https:\/\/grboslovlje.eu\/index.php\/2022\/11\/23\/dan-svijete\/'>Pro\u010ditaj vi\u0161e<\/a><\/span><\/div><\/div><\/div><\/div><\/div><div class=\"isotope-term-no-post\"><p>No post found<\/p><\/div><\/div><\/div>\n<p>&nbsp;<\/p>\n","protected":false},"excerpt":{"rendered":"<p>&nbsp;<\/p>\n","protected":false},"author":1,"featured_media":0,"parent":0,"menu_order":0,"comment_status":"closed","ping_status":"closed","template":"","meta":{"inline_featured_image":false,"footnotes":""},"class_list":["post-2942","page","type-page","status-publish","hentry"],"rttpg_featured_image_url":null,"rttpg_author":{"display_name":"Hrvoje Knezovi\u0107","author_link":"https:\/\/grboslovlje.eu\/index.php\/author\/qehadlbah\/"},"rttpg_comment":0,"rttpg_category":"","rttpg_excerpt":"&nbsp;","_links":{"self":[{"href":"https:\/\/grboslovlje.eu\/index.php\/wp-json\/wp\/v2\/pages\/2942","targetHints":{"allow":["GET"]}}],"collection":[{"href":"https:\/\/grboslovlje.eu\/index.php\/wp-json\/wp\/v2\/pages"}],"about":[{"href":"https:\/\/grboslovlje.eu\/index.php\/wp-json\/wp\/v2\/types\/page"}],"author":[{"embeddable":true,"href":"https:\/\/grboslovlje.eu\/index.php\/wp-json\/wp\/v2\/users\/1"}],"replies":[{"embeddable":true,"href":"https:\/\/grboslovlje.eu\/index.php\/wp-json\/wp\/v2\/comments?post=2942"}],"version-history":[{"count":14,"href":"https:\/\/grboslovlje.eu\/index.php\/wp-json\/wp\/v2\/pages\/2942\/revisions"}],"predecessor-version":[{"id":3147,"href":"https:\/\/grboslovlje.eu\/index.php\/wp-json\/wp\/v2\/pages\/2942\/revisions\/3147"}],"wp:attachment":[{"href":"https:\/\/grboslovlje.eu\/index.php\/wp-json\/wp\/v2\/media?parent=2942"}],"curies":[{"name":"wp","href":"https:\/\/api.w.org\/{rel}","templated":true}]}}