{"id":2741,"date":"2024-01-07T17:35:58","date_gmt":"2024-01-07T16:35:58","guid":{"rendered":"https:\/\/grboslovlje.eu\/?post_type=product&#038;p=2741"},"modified":"2025-06-04T16:41:18","modified_gmt":"2025-06-04T14:41:18","slug":"knezovic-2","status":"publish","type":"product","link":"https:\/\/grboslovlje.eu\/index.php\/proizvod\/knezovic-2\/","title":{"rendered":"XVI. st. Veliki kvadratni \u0161tit"},"content":{"rendered":"<p>Ru\u010dno izra\u0111en i oslikan oblik \u0161tita koji se koristio tokom 16. stolje\u0107a.<\/p>\n<p>Sastavljen od ljepljene i platnom armirane \u0161perplo\u010de, ko\u017enih remenica i opto\u010den srebrnim ili zlatnim listi\u0107ima.<\/p>\n<p>Dostava po dogovoru.<\/p>\n<p>&nbsp;<\/p>\n","protected":false},"excerpt":{"rendered":"<p>Ru\u010dno izra\u0111en i oslikan oblik \u0161tita koji se koristio tokom 16. stolje\u0107a. Sastavljen od ljepljene i platnom armirane \u0161perplo\u010de, ko\u017enih remenica i opto\u010den srebrnim ili zlatnim listi\u0107ima. Dostava po dogovoru. &nbsp;<\/p>\n","protected":false},"featured_media":2740,"comment_status":"open","ping_status":"closed","template":"","meta":{"inline_featured_image":false},"product_brand":[],"product_cat":[66],"product_tag":[],"class_list":{"0":"post-2741","1":"product","2":"type-product","3":"status-publish","4":"has-post-thumbnail","6":"product_cat-stitovi","8":"first","9":"instock","10":"taxable","11":"shipping-taxable","12":"purchasable","13":"product-type-simple"},"_links":{"self":[{"href":"https:\/\/grboslovlje.eu\/index.php\/wp-json\/wp\/v2\/product\/2741","targetHints":{"allow":["GET"]}}],"collection":[{"href":"https:\/\/grboslovlje.eu\/index.php\/wp-json\/wp\/v2\/product"}],"about":[{"href":"https:\/\/grboslovlje.eu\/index.php\/wp-json\/wp\/v2\/types\/product"}],"replies":[{"embeddable":true,"href":"https:\/\/grboslovlje.eu\/index.php\/wp-json\/wp\/v2\/comments?post=2741"}],"wp:featuredmedia":[{"embeddable":true,"href":"https:\/\/grboslovlje.eu\/index.php\/wp-json\/wp\/v2\/media\/2740"}],"wp:attachment":[{"href":"https:\/\/grboslovlje.eu\/index.php\/wp-json\/wp\/v2\/media?parent=2741"}],"wp:term":[{"taxonomy":"product_brand","embeddable":true,"href":"https:\/\/grboslovlje.eu\/index.php\/wp-json\/wp\/v2\/product_brand?post=2741"},{"taxonomy":"product_cat","embeddable":true,"href":"https:\/\/grboslovlje.eu\/index.php\/wp-json\/wp\/v2\/product_cat?post=2741"},{"taxonomy":"product_tag","embeddable":true,"href":"https:\/\/grboslovlje.eu\/index.php\/wp-json\/wp\/v2\/product_tag?post=2741"}],"curies":[{"name":"wp","href":"https:\/\/api.w.org\/{rel}","templated":true}]}}