{"id":2742,"date":"2024-01-07T18:09:11","date_gmt":"2024-01-07T17:09:11","guid":{"rendered":"https:\/\/grboslovlje.eu\/?post_type=product&#038;p=2742"},"modified":"2024-03-15T16:01:02","modified_gmt":"2024-03-15T15:01:02","slug":"xvi-st-hr-stit","status":"publish","type":"product","link":"https:\/\/grboslovlje.eu\/index.php\/proizvod\/xvi-st-hr-stit\/","title":{"rendered":"XVI. st. HR Renesansni \u0160tit"},"content":{"rendered":"<p>Ru\u010dno izra\u0111en i oslikan oblik \u0161tita koji se koristio na podru\u010dju Hrvatske te Bosne i Hercegovine tokom 16. stolje\u0107a.<\/p>\n<p>Sastavljen od ljepljene i platnom armirane \u0161perplo\u010de, ko\u017enih remenica i op\u0161iven po rubu. Izra\u0111uje se za o\u017eivljavanje povijesti ili borbeno spremni.<\/p>\n<p>Dostava po dogovoru.<\/p>\n","protected":false},"excerpt":{"rendered":"<p>Ru\u010dno izra\u0111en i oslikan oblik \u0161tita koji se koristio na podru\u010dju Hrvatske te Bosne i Hercegovine tokom 16. stolje\u0107a. Sastavljen od ljepljene i platnom armirane \u0161perplo\u010de, ko\u017enih remenica i op\u0161iven po rubu. Izra\u0111uje se za o\u017eivljavanje povijesti ili borbeno spremni. Dostava po dogovoru.<\/p>\n","protected":false},"featured_media":2743,"comment_status":"open","ping_status":"closed","template":"","meta":{"inline_featured_image":false},"product_brand":[],"product_cat":[66],"product_tag":[],"class_list":{"0":"post-2742","1":"product","2":"type-product","3":"status-publish","4":"has-post-thumbnail","6":"product_cat-stitovi","8":"first","9":"instock","10":"taxable","11":"shipping-taxable","12":"purchasable","13":"product-type-simple"},"_links":{"self":[{"href":"https:\/\/grboslovlje.eu\/index.php\/wp-json\/wp\/v2\/product\/2742","targetHints":{"allow":["GET"]}}],"collection":[{"href":"https:\/\/grboslovlje.eu\/index.php\/wp-json\/wp\/v2\/product"}],"about":[{"href":"https:\/\/grboslovlje.eu\/index.php\/wp-json\/wp\/v2\/types\/product"}],"replies":[{"embeddable":true,"href":"https:\/\/grboslovlje.eu\/index.php\/wp-json\/wp\/v2\/comments?post=2742"}],"wp:featuredmedia":[{"embeddable":true,"href":"https:\/\/grboslovlje.eu\/index.php\/wp-json\/wp\/v2\/media\/2743"}],"wp:attachment":[{"href":"https:\/\/grboslovlje.eu\/index.php\/wp-json\/wp\/v2\/media?parent=2742"}],"wp:term":[{"taxonomy":"product_brand","embeddable":true,"href":"https:\/\/grboslovlje.eu\/index.php\/wp-json\/wp\/v2\/product_brand?post=2742"},{"taxonomy":"product_cat","embeddable":true,"href":"https:\/\/grboslovlje.eu\/index.php\/wp-json\/wp\/v2\/product_cat?post=2742"},{"taxonomy":"product_tag","embeddable":true,"href":"https:\/\/grboslovlje.eu\/index.php\/wp-json\/wp\/v2\/product_tag?post=2742"}],"curies":[{"name":"wp","href":"https:\/\/api.w.org\/{rel}","templated":true}]}}