{"id":3226,"date":"2024-07-04T16:07:40","date_gmt":"2024-07-04T14:07:40","guid":{"rendered":"https:\/\/grboslovlje.eu\/?post_type=product&#038;p=3226"},"modified":"2024-07-04T16:07:40","modified_gmt":"2024-07-04T14:07:40","slug":"voksic-zalucki","status":"publish","type":"product","link":"https:\/\/grboslovlje.eu\/index.php\/proizvod\/voksic-zalucki\/","title":{"rendered":"Vok\u0161i\u0107 Zalu\u010dki"},"content":{"rendered":"<p><img loading=\"lazy\" decoding=\"async\" class=\"alignnone size-medium wp-image-3227\" src=\"https:\/\/grboslovlje.eu\/wp-content\/uploads\/2024\/07\/Voksic-Zalucki-258x300.png\" alt=\"\" width=\"258\" height=\"300\" \/><\/p>\n","protected":false},"excerpt":{"rendered":"","protected":false},"featured_media":3227,"comment_status":"open","ping_status":"closed","template":"","meta":{"inline_featured_image":false},"product_brand":[],"product_cat":[40],"product_tag":[],"class_list":{"0":"post-3226","1":"product","2":"type-product","3":"status-publish","4":"has-post-thumbnail","6":"product_cat-v","8":"first","9":"instock","10":"downloadable","11":"virtual","12":"taxable","13":"purchasable","14":"product-type-simple"},"_links":{"self":[{"href":"https:\/\/grboslovlje.eu\/index.php\/wp-json\/wp\/v2\/product\/3226","targetHints":{"allow":["GET"]}}],"collection":[{"href":"https:\/\/grboslovlje.eu\/index.php\/wp-json\/wp\/v2\/product"}],"about":[{"href":"https:\/\/grboslovlje.eu\/index.php\/wp-json\/wp\/v2\/types\/product"}],"replies":[{"embeddable":true,"href":"https:\/\/grboslovlje.eu\/index.php\/wp-json\/wp\/v2\/comments?post=3226"}],"wp:featuredmedia":[{"embeddable":true,"href":"https:\/\/grboslovlje.eu\/index.php\/wp-json\/wp\/v2\/media\/3227"}],"wp:attachment":[{"href":"https:\/\/grboslovlje.eu\/index.php\/wp-json\/wp\/v2\/media?parent=3226"}],"wp:term":[{"taxonomy":"product_brand","embeddable":true,"href":"https:\/\/grboslovlje.eu\/index.php\/wp-json\/wp\/v2\/product_brand?post=3226"},{"taxonomy":"product_cat","embeddable":true,"href":"https:\/\/grboslovlje.eu\/index.php\/wp-json\/wp\/v2\/product_cat?post=3226"},{"taxonomy":"product_tag","embeddable":true,"href":"https:\/\/grboslovlje.eu\/index.php\/wp-json\/wp\/v2\/product_tag?post=3226"}],"curies":[{"name":"wp","href":"https:\/\/api.w.org\/{rel}","templated":true}]}}